{"id":76,"date":"2025-07-26T09:53:39","date_gmt":"2025-07-26T09:53:39","guid":{"rendered":"https:\/\/ferienwohnung-schmeisser.de\/?page_id=76"},"modified":"2025-08-13T13:15:01","modified_gmt":"2025-08-13T13:15:01","slug":"firearms-shooting-bavaria","status":"publish","type":"page","link":"https:\/\/ferienwohnung-schmeisser.de\/?page_id=76","title":{"rendered":"Firearms Shooting Bavaria"},"content":{"rendered":"\n<figure class=\"wp-block-image size-full\"><img loading=\"lazy\" decoding=\"async\" width=\"402\" height=\"397\" src=\"https:\/\/ferienwohnung-schmeisser.de\/wp-content\/uploads\/2025\/07\/IMG-20250724-WA0001.jpg\" alt=\"\" class=\"wp-image-77\" srcset=\"https:\/\/ferienwohnung-schmeisser.de\/wp-content\/uploads\/2025\/07\/IMG-20250724-WA0001.jpg 402w, https:\/\/ferienwohnung-schmeisser.de\/wp-content\/uploads\/2025\/07\/IMG-20250724-WA0001-300x296.jpg 300w\" sizes=\"auto, (max-width: 402px) 100vw, 402px\" \/><\/figure>\n\n\n\n<style>\n.shooting-event {\n  font-family: Arial, Helvetica, sans-serif;\n  line-height: 1.6;\n  color: #fff; \/* wei\u00dfe Schrift *\/\n  max-width: 900px;\n  margin: 0 auto;\n  padding: 30px;\n  border: 1px solid #ccc; \/* dezenter Rahmen *\/\n  border-radius: 8px;\n}\n\n\/* \u00dcberschriften *\/\n.shooting-event h2 {\n  color: #fff;\n  border-bottom: 3px solid #ccc; \/* heller Akzent *\/\n  padding-bottom: 5px;\n  margin-bottom: 15px;\n}\n\n.shooting-event h3 {\n  color: #fff;\n  margin-top: 30px;\n  border-left: 4px solid #ccc;\n  padding-left: 10px;\n}\n\n\/* Listen *\/\n.shooting-event ul {\n  list-style: none;\n  padding: 0;\n}\n\n.shooting-event ul li {\n  background: transparent; \/* kein eigener Hintergrund *\/\n  margin-bottom: 8px;\n  padding: 10px 15px;\n  border-left: 4px solid #ccc;\n  box-shadow: 0 1px 3px rgba(255,255,255,0.1); \/* sanfter Schatten *\/\n}\n\n\/* Fettschrift *\/\n.shooting-event strong {\n  color: #fff; \/* bleibt wei\u00df, hebt sich fett ab *\/\n}\n\n\/* Trennlinien *\/\n.shooting-event hr {\n  border: none;\n  border-top: 1px solid #ccc;\n  margin: 25px 0;\n}\n<\/style>\n\n<div class=\"shooting-event\">\n\n<h2>Schnupperschie\u00dfen f\u00fcr Jedermann<\/h2>\n\n<p>Ihr habt Lust auf Sportschie\u00dfen oder habt noch nie geschossen? Kein Problem!<\/p>\n\n<p>Dann haben wir genau das Richtige f\u00fcr euch: Hier k\u00f6nnt ihr Kurz- und Langwaffen unter professioneller Anleitung ausprobieren.<br>\nVor jedem Kurs werdet ihr von uns im sicheren Umgang mit Schusswaffen geschult und eingewiesen. Danach kann es auch schon losgehen.<\/p>\n\n<hr>\n\n<h3>Ablauf<\/h3>\n<ul>\n  <li><strong>Allgemeine Einweisung<\/strong> \u2013 Erl\u00e4uterung der Sicherheitsregeln<\/li>\n  <li><strong>Schie\u00dfen mit Kurzwaffen<\/strong><\/li>\n  <li><strong>Schie\u00dfen mit Langwaffen<\/strong><\/li>\n  <li><strong>Dauer:<\/strong> ca. 1,5 Stunden inkl. Einweisung<\/li>\n  <li><strong>Reine Schie\u00dfzeit:<\/strong> ca. 20\u201350 Minuten<\/li>\n  <li><strong>Ausr\u00fcstung:<\/strong> Geh\u00f6rschutz und Schutzbrillen werden gestellt<\/li>\n<\/ul>\n\n<hr>\n\n<h3>Wichtige Hinweise<\/h3>\n<ul>\n  <li>Mindestalter: <strong>18 Jahre<\/strong><\/li>\n  <li><strong>Alkoholverbot<\/strong> vor und w\u00e4hrend des Schie\u00dfens \u2013 auch andere beeintr\u00e4chtigende Substanzen sind verboten<\/li>\n  <li>Sicherheit steht an erster Stelle: Missachtungen der Sicherheitsregeln f\u00fchren zum sofortigen Ausschluss<\/li>\n  <li>Personen mit einem <strong>Waffenumgangsverbot<\/strong> sind vom Schie\u00dfen ausgeschlossen<\/li>\n<\/ul>\n\n<hr>\n\n<h3>Angebot &amp; Preise<\/h3>\n<ul>\n  <li><strong>Kurzwaffen<\/strong> (Klein- und Gro\u00dfkaliber): <strong>150 \u20ac<\/strong> inkl. Munition (50 Schuss)<\/li>\n  <li><strong>Langwaffen &amp; Flinten<\/strong>: <strong>150 \u20ac<\/strong> inkl. Munition (30 Schuss gesamt \u2013 Langwaffen- und Flintenmunition)<\/li>\n  <li><strong>Lang- &amp; Kurzwaffenschie\u00dfen<\/strong>: <strong>150 \u20ac<\/strong> inkl. Munition (15 Schuss Langwaffe &amp; 35 Schuss Kurzwaffe)<\/li>\n<\/ul>\n\n<p>Zusatzmunition kann <strong>vor Ort<\/strong> bei Bedarf nachgekauft werden.<\/p>\n\n<\/div>\n\n","protected":false},"excerpt":{"rendered":"<p>Schnupperschie\u00dfen f\u00fcr Jedermann Ihr habt Lust auf Sportschie\u00dfen oder habt noch nie geschossen? Kein Problem! Dann haben wir genau das Richtige f\u00fcr euch: Hier k\u00f6nnt ihr Kurz- und Langwaffen unter professioneller Anleitung ausprobieren. Vor jedem Kurs werdet ihr von uns <a class=\"more-link\" href=\"https:\/\/ferienwohnung-schmeisser.de\/?page_id=76\">weiterlesen&#8230;<\/a><\/p>\n","protected":false},"author":1,"featured_media":0,"parent":0,"menu_order":0,"comment_status":"closed","ping_status":"closed","template":"","meta":{"footnotes":""},"class_list":["post-76","page","type-page","status-publish","hentry"],"_links":{"self":[{"href":"https:\/\/ferienwohnung-schmeisser.de\/index.php?rest_route=\/wp\/v2\/pages\/76","targetHints":{"allow":["GET"]}}],"collection":[{"href":"https:\/\/ferienwohnung-schmeisser.de\/index.php?rest_route=\/wp\/v2\/pages"}],"about":[{"href":"https:\/\/ferienwohnung-schmeisser.de\/index.php?rest_route=\/wp\/v2\/types\/page"}],"author":[{"embeddable":true,"href":"https:\/\/ferienwohnung-schmeisser.de\/index.php?rest_route=\/wp\/v2\/users\/1"}],"replies":[{"embeddable":true,"href":"https:\/\/ferienwohnung-schmeisser.de\/index.php?rest_route=%2Fwp%2Fv2%2Fcomments&post=76"}],"version-history":[{"count":2,"href":"https:\/\/ferienwohnung-schmeisser.de\/index.php?rest_route=\/wp\/v2\/pages\/76\/revisions"}],"predecessor-version":[{"id":83,"href":"https:\/\/ferienwohnung-schmeisser.de\/index.php?rest_route=\/wp\/v2\/pages\/76\/revisions\/83"}],"wp:attachment":[{"href":"https:\/\/ferienwohnung-schmeisser.de\/index.php?rest_route=%2Fwp%2Fv2%2Fmedia&parent=76"}],"curies":[{"name":"wp","href":"https:\/\/api.w.org\/{rel}","templated":true}]}}