{"id":63,"date":"2018-11-06T17:55:04","date_gmt":"2018-11-06T17:55:04","guid":{"rendered":"http:\/\/ferienwohnung-schmeisser.de\/?page_id=63"},"modified":"2022-02-02T16:12:55","modified_gmt":"2022-02-02T16:12:55","slug":"ferienwohnung-2","status":"publish","type":"page","link":"https:\/\/ferienwohnung-schmeisser.de\/?page_id=63","title":{"rendered":"Ferienwohnung"},"content":{"rendered":"<h1>Ausstattung<\/h1>\n<p>Die Ferienwohnung ist ruhig gelegen und bietet 120 qm Wohnfl\u00e4che.<\/p>\n<p>Die Wohnung befindet sich im ersten Stock und bietet Ihnen:<\/p>\n<ul>\n<li>Schlafzimmer<\/li>\n<li>Kinderzimmer (oder extra Schlafzimmer f\u00fcr Erwachsenen)<\/li>\n<li>Wohnzimmer<\/li>\n<li>vollausgestatte K\u00fcche mit Herd, Backofen, Sp\u00fclmaschine<\/li>\n<li>Sauna zur Mitbenutzung (gegen Aufpreis)<\/li>\n<li>E-Bikes (Mountainbikes) zum Leihen (gegen Aufpreis)<\/li>\n<li>Haustiere erlaubt (gegen Aufpreis)<\/li>\n<li>Holzkamin<\/li>\n<li>Badezimmer mit Dusche und gro\u00dfer Eckbadewanne<\/li>\n<li>Extra WC<\/li>\n<\/ul>\n<p>WLAN kann kostenlos genutzt werden.<\/p>\n<p>Reservierungen auch f\u00fcr eine Nacht \/ ab zwei Personen m\u00f6glich. Wanderer und Fahrradfahrer sind herzlich willkommen. Fahrr\u00e4der k\u00f6nnen sicher in der Ferienwohnung abgestellt werden.<\/p>\n<h1>Lage<\/h1>\n<p>Unsere Ferienwohnung befindet sich im gem\u00fctlichen Kirmsees \/ Kirchenpingarten. In ca. 3,5 km Entfernung in Weidenberg gibt es Superm\u00e4rkte und B\u00e4cker.<\/p>\n<p>Bayreuth ist circa 18 km entfernt.<\/p>\n<p><iframe loading=\"lazy\" style=\"border: 1px solid black;\" src=\"https:\/\/www.openstreetmap.org\/export\/embed.html?bbox=11.749019622802736%2C49.91468039151723%2C11.754110455513002%2C49.91707415987514&amp;layer=mapnik&amp;marker=49.91587729055019%2C11.751565039157867\" width=\"425\" height=\"350\" frameborder=\"0\" marginwidth=\"0\" marginheight=\"0\" scrolling=\"no\"><\/iframe><br \/>\n<small><a href=\"https:\/\/www.openstreetmap.org\/?mlat=49.91588&amp;mlon=11.75157#map=18\/49.91588\/11.75157\">View Larger Map<\/a><\/small><\/p>\n<h1>Buchung und Kontakt<\/h1>\n<p>Buchen Sie unsere Ferienwohnung \u00fcber <a href=\"https:\/\/www.booking.com\/hotel\/de\/ferienwohnung-schmeisser.de.html\">booking.com<\/a> oder kontaktieren Sie uns f\u00fcr ein individuelles Angebot. Unsere Ferienwohnung kann bereits f\u00fcr eine \u00dcbernachtung oder auch langfristig gebucht werden.<\/p>\n\n\t\t<style type=\"text\/css\">\n\t\t\t#gallery-1 {\n\t\t\t\tmargin: auto;\n\t\t\t}\n\t\t\t#gallery-1 .gallery-item {\n\t\t\t\tfloat: left;\n\t\t\t\tmargin-top: 10px;\n\t\t\t\ttext-align: center;\n\t\t\t\twidth: 33%;\n\t\t\t}\n\t\t\t#gallery-1 img {\n\t\t\t\tborder: 2px solid #cfcfcf;\n\t\t\t}\n\t\t\t#gallery-1 .gallery-caption {\n\t\t\t\tmargin-left: 0;\n\t\t\t}\n\t\t\t\/* see gallery_shortcode() in wp-includes\/media.php *\/\n\t\t<\/style>\n\t\t<div id='gallery-1' class='gallery galleryid-63 gallery-columns-3 gallery-size-thumbnail'><dl class='gallery-item'>\n\t\t\t<dt class='gallery-icon landscape'>\n\t\t\t\t<a href='https:\/\/ferienwohnung-schmeisser.de\/?attachment_id=14#main'><img loading=\"lazy\" decoding=\"async\" width=\"150\" height=\"150\" src=\"https:\/\/ferienwohnung-schmeisser.de\/wp-content\/uploads\/2018\/11\/image1-150x150.jpg\" class=\"attachment-thumbnail size-thumbnail\" alt=\"\" \/><\/a>\n\t\t\t<\/dt><\/dl><dl class='gallery-item'>\n\t\t\t<dt class='gallery-icon landscape'>\n\t\t\t\t<a href='https:\/\/ferienwohnung-schmeisser.de\/?attachment_id=15#main'><img loading=\"lazy\" decoding=\"async\" width=\"150\" height=\"150\" src=\"https:\/\/ferienwohnung-schmeisser.de\/wp-content\/uploads\/2018\/11\/image2-150x150.jpg\" class=\"attachment-thumbnail size-thumbnail\" alt=\"\" \/><\/a>\n\t\t\t<\/dt><\/dl><dl class='gallery-item'>\n\t\t\t<dt class='gallery-icon landscape'>\n\t\t\t\t<a href='https:\/\/ferienwohnung-schmeisser.de\/?attachment_id=16#main'><img loading=\"lazy\" decoding=\"async\" width=\"150\" height=\"150\" src=\"https:\/\/ferienwohnung-schmeisser.de\/wp-content\/uploads\/2018\/11\/image3-150x150.jpg\" class=\"attachment-thumbnail size-thumbnail\" alt=\"\" \/><\/a>\n\t\t\t<\/dt><\/dl><br style=\"clear: both\" \/><dl class='gallery-item'>\n\t\t\t<dt class='gallery-icon landscape'>\n\t\t\t\t<a href='https:\/\/ferienwohnung-schmeisser.de\/?attachment_id=17#main'><img loading=\"lazy\" decoding=\"async\" width=\"150\" height=\"150\" src=\"https:\/\/ferienwohnung-schmeisser.de\/wp-content\/uploads\/2018\/11\/image4-150x150.jpg\" class=\"attachment-thumbnail size-thumbnail\" alt=\"\" \/><\/a>\n\t\t\t<\/dt><\/dl><dl class='gallery-item'>\n\t\t\t<dt class='gallery-icon landscape'>\n\t\t\t\t<a href='https:\/\/ferienwohnung-schmeisser.de\/?attachment_id=18#main'><img loading=\"lazy\" decoding=\"async\" width=\"150\" height=\"150\" src=\"https:\/\/ferienwohnung-schmeisser.de\/wp-content\/uploads\/2018\/11\/image5-150x150.jpg\" class=\"attachment-thumbnail size-thumbnail\" alt=\"\" \/><\/a>\n\t\t\t<\/dt><\/dl><dl class='gallery-item'>\n\t\t\t<dt class='gallery-icon portrait'>\n\t\t\t\t<a href='https:\/\/ferienwohnung-schmeisser.de\/?attachment_id=34#main'><img loading=\"lazy\" decoding=\"async\" width=\"150\" height=\"150\" src=\"https:\/\/ferienwohnung-schmeisser.de\/wp-content\/uploads\/2018\/11\/156745263-150x150.jpg\" class=\"attachment-thumbnail size-thumbnail\" alt=\"\" \/><\/a>\n\t\t\t<\/dt><\/dl><br style=\"clear: both\" \/><dl class='gallery-item'>\n\t\t\t<dt class='gallery-icon portrait'>\n\t\t\t\t<a href='https:\/\/ferienwohnung-schmeisser.de\/?attachment_id=35#main'><img loading=\"lazy\" decoding=\"async\" width=\"150\" height=\"150\" src=\"https:\/\/ferienwohnung-schmeisser.de\/wp-content\/uploads\/2018\/11\/156745264-150x150.jpg\" class=\"attachment-thumbnail size-thumbnail\" alt=\"\" \/><\/a>\n\t\t\t<\/dt><\/dl><dl class='gallery-item'>\n\t\t\t<dt class='gallery-icon portrait'>\n\t\t\t\t<a href='https:\/\/ferienwohnung-schmeisser.de\/?attachment_id=36#main'><img loading=\"lazy\" decoding=\"async\" width=\"150\" height=\"150\" src=\"https:\/\/ferienwohnung-schmeisser.de\/wp-content\/uploads\/2018\/11\/156745267-150x150.jpg\" class=\"attachment-thumbnail size-thumbnail\" alt=\"\" \/><\/a>\n\t\t\t<\/dt><\/dl><dl class='gallery-item'>\n\t\t\t<dt class='gallery-icon portrait'>\n\t\t\t\t<a href='https:\/\/ferienwohnung-schmeisser.de\/?attachment_id=37#main'><img loading=\"lazy\" decoding=\"async\" width=\"150\" height=\"150\" src=\"https:\/\/ferienwohnung-schmeisser.de\/wp-content\/uploads\/2018\/11\/156745268-150x150.jpg\" class=\"attachment-thumbnail size-thumbnail\" alt=\"\" \/><\/a>\n\t\t\t<\/dt><\/dl><br style=\"clear: both\" \/><dl class='gallery-item'>\n\t\t\t<dt class='gallery-icon portrait'>\n\t\t\t\t<a href='https:\/\/ferienwohnung-schmeisser.de\/?attachment_id=38#main'><img loading=\"lazy\" decoding=\"async\" width=\"150\" height=\"150\" src=\"https:\/\/ferienwohnung-schmeisser.de\/wp-content\/uploads\/2018\/11\/156745270-150x150.jpg\" class=\"attachment-thumbnail size-thumbnail\" alt=\"\" \/><\/a>\n\t\t\t<\/dt><\/dl><dl class='gallery-item'>\n\t\t\t<dt class='gallery-icon portrait'>\n\t\t\t\t<a href='https:\/\/ferienwohnung-schmeisser.de\/?attachment_id=39#main'><img loading=\"lazy\" decoding=\"async\" width=\"150\" height=\"150\" src=\"https:\/\/ferienwohnung-schmeisser.de\/wp-content\/uploads\/2018\/11\/156745272-150x150.jpg\" class=\"attachment-thumbnail size-thumbnail\" alt=\"\" \/><\/a>\n\t\t\t<\/dt><\/dl><dl class='gallery-item'>\n\t\t\t<dt class='gallery-icon portrait'>\n\t\t\t\t<a href='https:\/\/ferienwohnung-schmeisser.de\/?attachment_id=40#main'><img loading=\"lazy\" decoding=\"async\" width=\"150\" height=\"150\" src=\"https:\/\/ferienwohnung-schmeisser.de\/wp-content\/uploads\/2018\/11\/156745275-150x150.jpg\" class=\"attachment-thumbnail size-thumbnail\" alt=\"\" \/><\/a>\n\t\t\t<\/dt><\/dl><br style=\"clear: both\" \/><dl class='gallery-item'>\n\t\t\t<dt class='gallery-icon portrait'>\n\t\t\t\t<a href='https:\/\/ferienwohnung-schmeisser.de\/?attachment_id=42#main'><img loading=\"lazy\" decoding=\"async\" width=\"150\" height=\"150\" src=\"https:\/\/ferienwohnung-schmeisser.de\/wp-content\/uploads\/2018\/11\/156745280-150x150.jpg\" class=\"attachment-thumbnail size-thumbnail\" alt=\"\" \/><\/a>\n\t\t\t<\/dt><\/dl><dl class='gallery-item'>\n\t\t\t<dt class='gallery-icon portrait'>\n\t\t\t\t<a href='https:\/\/ferienwohnung-schmeisser.de\/?attachment_id=43#main'><img loading=\"lazy\" decoding=\"async\" width=\"150\" height=\"150\" src=\"https:\/\/ferienwohnung-schmeisser.de\/wp-content\/uploads\/2018\/11\/156745283-150x150.jpg\" class=\"attachment-thumbnail size-thumbnail\" alt=\"\" \/><\/a>\n\t\t\t<\/dt><\/dl><dl class='gallery-item'>\n\t\t\t<dt class='gallery-icon portrait'>\n\t\t\t\t<a href='https:\/\/ferienwohnung-schmeisser.de\/?attachment_id=44#main'><img loading=\"lazy\" decoding=\"async\" width=\"150\" height=\"150\" src=\"https:\/\/ferienwohnung-schmeisser.de\/wp-content\/uploads\/2018\/11\/156745285-150x150.jpg\" class=\"attachment-thumbnail size-thumbnail\" alt=\"\" \/><\/a>\n\t\t\t<\/dt><\/dl><br style=\"clear: both\" \/><dl class='gallery-item'>\n\t\t\t<dt class='gallery-icon portrait'>\n\t\t\t\t<a href='https:\/\/ferienwohnung-schmeisser.de\/?attachment_id=45#main'><img loading=\"lazy\" decoding=\"async\" width=\"150\" height=\"150\" src=\"https:\/\/ferienwohnung-schmeisser.de\/wp-content\/uploads\/2018\/11\/156745289-150x150.jpg\" class=\"attachment-thumbnail size-thumbnail\" alt=\"\" \/><\/a>\n\t\t\t<\/dt><\/dl><dl class='gallery-item'>\n\t\t\t<dt class='gallery-icon portrait'>\n\t\t\t\t<a href='https:\/\/ferienwohnung-schmeisser.de\/?attachment_id=46#main'><img loading=\"lazy\" decoding=\"async\" width=\"150\" height=\"150\" src=\"https:\/\/ferienwohnung-schmeisser.de\/wp-content\/uploads\/2018\/11\/156745295-150x150.jpg\" class=\"attachment-thumbnail size-thumbnail\" alt=\"\" \/><\/a>\n\t\t\t<\/dt><\/dl><dl class='gallery-item'>\n\t\t\t<dt class='gallery-icon portrait'>\n\t\t\t\t<a href='https:\/\/ferienwohnung-schmeisser.de\/?attachment_id=48#main'><img loading=\"lazy\" decoding=\"async\" width=\"150\" height=\"150\" src=\"https:\/\/ferienwohnung-schmeisser.de\/wp-content\/uploads\/2018\/11\/156745300-150x150.jpg\" class=\"attachment-thumbnail size-thumbnail\" alt=\"\" \/><\/a>\n\t\t\t<\/dt><\/dl><br style=\"clear: both\" \/>\n\t\t<\/div>\n\n","protected":false},"excerpt":{"rendered":"<p>Ausstattung Die Ferienwohnung ist ruhig gelegen und bietet 120 qm Wohnfl\u00e4che. Die Wohnung befindet sich im ersten Stock und bietet Ihnen: Schlafzimmer Kinderzimmer (oder extra Schlafzimmer f\u00fcr Erwachsenen) Wohnzimmer vollausgestatte K\u00fcche mit Herd, Backofen, Sp\u00fclmaschine Sauna zur Mitbenutzung (gegen Aufpreis) <a class=\"more-link\" href=\"https:\/\/ferienwohnung-schmeisser.de\/?page_id=63\">weiterlesen&#8230;<\/a><\/p>\n","protected":false},"author":1,"featured_media":0,"parent":0,"menu_order":0,"comment_status":"closed","ping_status":"closed","template":"","meta":{"footnotes":""},"class_list":["post-63","page","type-page","status-publish","hentry"],"_links":{"self":[{"href":"https:\/\/ferienwohnung-schmeisser.de\/index.php?rest_route=\/wp\/v2\/pages\/63","targetHints":{"allow":["GET"]}}],"collection":[{"href":"https:\/\/ferienwohnung-schmeisser.de\/index.php?rest_route=\/wp\/v2\/pages"}],"about":[{"href":"https:\/\/ferienwohnung-schmeisser.de\/index.php?rest_route=\/wp\/v2\/types\/page"}],"author":[{"embeddable":true,"href":"https:\/\/ferienwohnung-schmeisser.de\/index.php?rest_route=\/wp\/v2\/users\/1"}],"replies":[{"embeddable":true,"href":"https:\/\/ferienwohnung-schmeisser.de\/index.php?rest_route=%2Fwp%2Fv2%2Fcomments&post=63"}],"version-history":[{"count":3,"href":"https:\/\/ferienwohnung-schmeisser.de\/index.php?rest_route=\/wp\/v2\/pages\/63\/revisions"}],"predecessor-version":[{"id":74,"href":"https:\/\/ferienwohnung-schmeisser.de\/index.php?rest_route=\/wp\/v2\/pages\/63\/revisions\/74"}],"wp:attachment":[{"href":"https:\/\/ferienwohnung-schmeisser.de\/index.php?rest_route=%2Fwp%2Fv2%2Fmedia&parent=63"}],"curies":[{"name":"wp","href":"https:\/\/api.w.org\/{rel}","templated":true}]}}