{"id":22,"date":"2018-11-04T16:11:06","date_gmt":"2018-11-04T16:11:06","guid":{"rendered":"http:\/\/ferienwohnung-schmeisser.de\/?page_id=22"},"modified":"2018-11-04T16:26:06","modified_gmt":"2018-11-04T16:26:06","slug":"hausmeisterservice","status":"publish","type":"page","link":"https:\/\/ferienwohnung-schmeisser.de\/?page_id=22","title":{"rendered":"Hausmeisterservice"},"content":{"rendered":"<h1>Unsere Dienstleistungen<\/h1>\n<ul>\n<li>Gehwegreinigung<\/li>\n<li>Winterdienst: R\u00e4umen, Streuen, Fr\u00e4\u00dfen, Entf. von Eiszapfen<\/li>\n<li>Gartenpflege: Heckenschnitt, Baumschnitt, Rasenpflege, allgemeine Pflegearbeiten, Saisonbepflanzung nach Wunsch<\/li>\n<li>Umzugshilfe<\/li>\n<li>Objektbetreuung w\u00e4hrend der Urlaubszeit<\/li>\n<li>Renovierungsarbeiten<\/li>\n<li>Terrarienbau und -pflege<\/li>\n<li>Pflegevertrag f\u00fcr Grundst\u00fccke und Hausanlagen m\u00f6glich<\/li>\n<li>und vieles mehr<\/li>\n<\/ul>\n<p>Kontaktieren Sie uns f\u00fcr ein Angebot und weitere Informationen<\/p>\n<p>&nbsp;<\/p>\n\n\t\t<style type=\"text\/css\">\n\t\t\t#gallery-1 {\n\t\t\t\tmargin: auto;\n\t\t\t}\n\t\t\t#gallery-1 .gallery-item {\n\t\t\t\tfloat: left;\n\t\t\t\tmargin-top: 10px;\n\t\t\t\ttext-align: center;\n\t\t\t\twidth: 33%;\n\t\t\t}\n\t\t\t#gallery-1 img {\n\t\t\t\tborder: 2px solid #cfcfcf;\n\t\t\t}\n\t\t\t#gallery-1 .gallery-caption {\n\t\t\t\tmargin-left: 0;\n\t\t\t}\n\t\t\t\/* see gallery_shortcode() in wp-includes\/media.php *\/\n\t\t<\/style>\n\t\t<div id='gallery-1' class='gallery galleryid-22 gallery-columns-3 gallery-size-thumbnail'><dl class='gallery-item'>\n\t\t\t<dt class='gallery-icon portrait'>\n\t\t\t\t<a href='https:\/\/ferienwohnung-schmeisser.de\/?attachment_id=26#main'><img loading=\"lazy\" decoding=\"async\" width=\"150\" height=\"150\" src=\"https:\/\/ferienwohnung-schmeisser.de\/wp-content\/uploads\/2018\/11\/dsc_0097-150x150.jpg\" class=\"attachment-thumbnail size-thumbnail\" alt=\"\" \/><\/a>\n\t\t\t<\/dt><\/dl><dl class='gallery-item'>\n\t\t\t<dt class='gallery-icon portrait'>\n\t\t\t\t<a href='https:\/\/ferienwohnung-schmeisser.de\/?attachment_id=27#main'><img loading=\"lazy\" decoding=\"async\" width=\"150\" height=\"150\" src=\"https:\/\/ferienwohnung-schmeisser.de\/wp-content\/uploads\/2018\/11\/dsc_0123-150x150.jpg\" class=\"attachment-thumbnail size-thumbnail\" alt=\"\" \/><\/a>\n\t\t\t<\/dt><\/dl><dl class='gallery-item'>\n\t\t\t<dt class='gallery-icon landscape'>\n\t\t\t\t<a href='https:\/\/ferienwohnung-schmeisser.de\/?attachment_id=28#main'><img loading=\"lazy\" decoding=\"async\" width=\"150\" height=\"150\" src=\"https:\/\/ferienwohnung-schmeisser.de\/wp-content\/uploads\/2018\/11\/dsc_0563-150x150.jpg\" class=\"attachment-thumbnail size-thumbnail\" alt=\"\" \/><\/a>\n\t\t\t<\/dt><\/dl><br style=\"clear: both\" \/><dl class='gallery-item'>\n\t\t\t<dt class='gallery-icon landscape'>\n\t\t\t\t<a href='https:\/\/ferienwohnung-schmeisser.de\/?attachment_id=29#main'><img loading=\"lazy\" decoding=\"async\" width=\"150\" height=\"150\" src=\"https:\/\/ferienwohnung-schmeisser.de\/wp-content\/uploads\/2018\/11\/dsc_0589-150x150.jpg\" class=\"attachment-thumbnail size-thumbnail\" alt=\"\" srcset=\"https:\/\/ferienwohnung-schmeisser.de\/wp-content\/uploads\/2018\/11\/dsc_0589-150x150.jpg 150w, https:\/\/ferienwohnung-schmeisser.de\/wp-content\/uploads\/2018\/11\/dsc_0589-300x300.jpg 300w, https:\/\/ferienwohnung-schmeisser.de\/wp-content\/uploads\/2018\/11\/dsc_0589.jpg 640w\" sizes=\"auto, (max-width: 150px) 100vw, 150px\" \/><\/a>\n\t\t\t<\/dt><\/dl><dl class='gallery-item'>\n\t\t\t<dt class='gallery-icon landscape'>\n\t\t\t\t<a href='https:\/\/ferienwohnung-schmeisser.de\/?attachment_id=30#main'><img loading=\"lazy\" decoding=\"async\" width=\"150\" height=\"150\" src=\"https:\/\/ferienwohnung-schmeisser.de\/wp-content\/uploads\/2018\/11\/dsc_0591-150x150.jpg\" class=\"attachment-thumbnail size-thumbnail\" alt=\"\" srcset=\"https:\/\/ferienwohnung-schmeisser.de\/wp-content\/uploads\/2018\/11\/dsc_0591-150x150.jpg 150w, https:\/\/ferienwohnung-schmeisser.de\/wp-content\/uploads\/2018\/11\/dsc_0591-300x300.jpg 300w, https:\/\/ferienwohnung-schmeisser.de\/wp-content\/uploads\/2018\/11\/dsc_0591.jpg 640w\" sizes=\"auto, (max-width: 150px) 100vw, 150px\" \/><\/a>\n\t\t\t<\/dt><\/dl><dl class='gallery-item'>\n\t\t\t<dt class='gallery-icon landscape'>\n\t\t\t\t<a href='https:\/\/ferienwohnung-schmeisser.de\/?attachment_id=31#main'><img loading=\"lazy\" decoding=\"async\" width=\"150\" height=\"150\" src=\"https:\/\/ferienwohnung-schmeisser.de\/wp-content\/uploads\/2018\/11\/flyer-150x150.jpeg\" class=\"attachment-thumbnail size-thumbnail\" alt=\"\" \/><\/a>\n\t\t\t<\/dt><\/dl><br style=\"clear: both\" \/>\n\t\t<\/div>\n\n","protected":false},"excerpt":{"rendered":"<p>Unsere Dienstleistungen Gehwegreinigung Winterdienst: R\u00e4umen, Streuen, Fr\u00e4\u00dfen, Entf. von Eiszapfen Gartenpflege: Heckenschnitt, Baumschnitt, Rasenpflege, allgemeine Pflegearbeiten, Saisonbepflanzung nach Wunsch Umzugshilfe Objektbetreuung w\u00e4hrend der Urlaubszeit Renovierungsarbeiten Terrarienbau und -pflege Pflegevertrag f\u00fcr Grundst\u00fccke und Hausanlagen m\u00f6glich und vieles mehr Kontaktieren Sie uns <a class=\"more-link\" href=\"https:\/\/ferienwohnung-schmeisser.de\/?page_id=22\">weiterlesen&#8230;<\/a><\/p>\n","protected":false},"author":1,"featured_media":0,"parent":0,"menu_order":2,"comment_status":"closed","ping_status":"closed","template":"","meta":{"footnotes":""},"class_list":["post-22","page","type-page","status-publish","hentry"],"_links":{"self":[{"href":"https:\/\/ferienwohnung-schmeisser.de\/index.php?rest_route=\/wp\/v2\/pages\/22","targetHints":{"allow":["GET"]}}],"collection":[{"href":"https:\/\/ferienwohnung-schmeisser.de\/index.php?rest_route=\/wp\/v2\/pages"}],"about":[{"href":"https:\/\/ferienwohnung-schmeisser.de\/index.php?rest_route=\/wp\/v2\/types\/page"}],"author":[{"embeddable":true,"href":"https:\/\/ferienwohnung-schmeisser.de\/index.php?rest_route=\/wp\/v2\/users\/1"}],"replies":[{"embeddable":true,"href":"https:\/\/ferienwohnung-schmeisser.de\/index.php?rest_route=%2Fwp%2Fv2%2Fcomments&post=22"}],"version-history":[{"count":3,"href":"https:\/\/ferienwohnung-schmeisser.de\/index.php?rest_route=\/wp\/v2\/pages\/22\/revisions"}],"predecessor-version":[{"id":32,"href":"https:\/\/ferienwohnung-schmeisser.de\/index.php?rest_route=\/wp\/v2\/pages\/22\/revisions\/32"}],"wp:attachment":[{"href":"https:\/\/ferienwohnung-schmeisser.de\/index.php?rest_route=%2Fwp%2Fv2%2Fmedia&parent=22"}],"curies":[{"name":"wp","href":"https:\/\/api.w.org\/{rel}","templated":true}]}}