{"id":20,"date":"2018-11-04T16:11:57","date_gmt":"2018-11-04T16:11:57","guid":{"rendered":"http:\/\/ferienwohnung-schmeisser.de\/?page_id=20"},"modified":"2025-09-14T11:26:44","modified_gmt":"2025-09-14T11:26:44","slug":"kontakt-impressum","status":"publish","type":"page","link":"https:\/\/ferienwohnung-schmeisser.de\/?page_id=20","title":{"rendered":"Kontakt \/ Impressum"},"content":{"rendered":"<pre>Hausmeisterservice Schmeisser \nInh.: Stefan Schmeisser\nKirmsees 7a\n95466 Kirchenpingarten\nTel.: 09278 \/ 77 57 80 \nMobil: 0170 \/ 52 50 914\nE-Mail: mail@hausmeister-schmeisser.de\nWebseite: http:\/\/www.hausmeister-schmeisser.de \n\nSteuernummer:208\/268\/303601\n\nBerufsbezeichnung und berufsrechtliche Regelungen\nBerufsbezeichnung: Hausmeisterservice\nZust\u00e4ndige Kammer: Handwerkskammer f\u00fcr Oberfranken\nKerschensteinerstra\u00dfe 7\n95448 Bayreuth\nVerliehen in:\nDeutschland\nAngaben zur Berufshaftpflichtversicherung\nName und Sitz des Versicherers:\nN\u00dcRNBERGER\nAllgemeine Versicherungs AG\nOstendstra\u00dfe 100\n90334\nGeltungsraum der Versicherung:\nDeutschland\nVerbraucherstreitbeilegung\/Universalschlichtungsstelle\nWir sind nicht bereit oder verpflichtet, an Streitbeilegungsverfahren vor einer\nVerbraucherschlichtungsstelle teilzunehmen.\n\n<\/pre>\n","protected":false},"excerpt":{"rendered":"<p>Hausmeisterservice Schmeisser Inh.: Stefan Schmeisser Kirmsees 7a 95466 Kirchenpingarten Tel.: 09278 \/ 77 57 80 Mobil: 0170 \/ 52 50 914 E-Mail: mail@hausmeister-schmeisser.de Webseite: http:\/\/www.hausmeister-schmeisser.de Steuernummer:208\/268\/303601 Berufsbezeichnung und berufsrechtliche Regelungen Berufsbezeichnung: Hausmeisterservice Zust\u00e4ndige Kammer: Handwerkskammer f\u00fcr Oberfranken Kerschensteinerstra\u00dfe 7 95448 <a class=\"more-link\" href=\"https:\/\/ferienwohnung-schmeisser.de\/?page_id=20\">weiterlesen&#8230;<\/a><\/p>\n","protected":false},"author":1,"featured_media":0,"parent":0,"menu_order":3,"comment_status":"closed","ping_status":"closed","template":"","meta":{"footnotes":""},"class_list":["post-20","page","type-page","status-publish","hentry"],"_links":{"self":[{"href":"https:\/\/ferienwohnung-schmeisser.de\/index.php?rest_route=\/wp\/v2\/pages\/20","targetHints":{"allow":["GET"]}}],"collection":[{"href":"https:\/\/ferienwohnung-schmeisser.de\/index.php?rest_route=\/wp\/v2\/pages"}],"about":[{"href":"https:\/\/ferienwohnung-schmeisser.de\/index.php?rest_route=\/wp\/v2\/types\/page"}],"author":[{"embeddable":true,"href":"https:\/\/ferienwohnung-schmeisser.de\/index.php?rest_route=\/wp\/v2\/users\/1"}],"replies":[{"embeddable":true,"href":"https:\/\/ferienwohnung-schmeisser.de\/index.php?rest_route=%2Fwp%2Fv2%2Fcomments&post=20"}],"version-history":[{"count":6,"href":"https:\/\/ferienwohnung-schmeisser.de\/index.php?rest_route=\/wp\/v2\/pages\/20\/revisions"}],"predecessor-version":[{"id":90,"href":"https:\/\/ferienwohnung-schmeisser.de\/index.php?rest_route=\/wp\/v2\/pages\/20\/revisions\/90"}],"wp:attachment":[{"href":"https:\/\/ferienwohnung-schmeisser.de\/index.php?rest_route=%2Fwp%2Fv2%2Fmedia&parent=20"}],"curies":[{"name":"wp","href":"https:\/\/api.w.org\/{rel}","templated":true}]}}